{"id":378,"date":"2016-06-20T11:24:51","date_gmt":"2016-06-20T11:24:51","guid":{"rendered":"https:\/\/www.popartbb.com\/?page_id=378&#038;lang=it"},"modified":"2016-06-23T09:35:22","modified_gmt":"2016-06-23T09:35:22","slug":"suggestions","status":"publish","type":"page","link":"https:\/\/www.popartbb.com\/it\/suggestions\/","title":{"rendered":"Suggestions"},"content":{"rendered":"<h2 style=\"text-align: center;\">Food &amp; Drinks<\/h2>\n<h3 style=\"text-align: left;\">Er Faciolaro<\/h3>\n<p><img loading=\"lazy\" class=\"size-thumbnail wp-image-304 alignleft\" src=\"http:\/\/www.popartbb.com\/wp-content\/uploads\/2016\/05\/erfaciolaro-150x150.jpg\" alt=\"erfaciolaro\" width=\"150\" height=\"150\" srcset=\"https:\/\/www.popartbb.com\/wp-content\/uploads\/2016\/05\/erfaciolaro-150x150.jpg 150w, https:\/\/www.popartbb.com\/wp-content\/uploads\/2016\/05\/erfaciolaro-60x60.jpg 60w, https:\/\/www.popartbb.com\/wp-content\/uploads\/2016\/05\/erfaciolaro-380x380.jpg 380w\" sizes=\"(max-width: 150px) 100vw, 150px\" \/>Situato a fianco della porta del POP Art B&amp;B \u00e9 uno storico ristorante di Roma. Il ristorante era inizialmente un forno, che serviva ai suoi operai per pranzo della zuppa di fagioli. La zuppa era talmente buona che in poco tempo i clienti del forno iniziarono a chiedere la zuppa come pasto. Da allora il ristorante ha mantenuto la sua originale ricetta, allargando il menu per i propri clienti con tanti piatti della cucina tradizionale romana. <a href=\"http:\/\/www.erfaciolaro.it\/\" target=\"_blank\">www.erfaciolaro.it<\/a><\/p>\n<p>&nbsp;<\/p>\n<h3 style=\"text-align: left;\">Maccheroni<\/h3>\n<p><img loading=\"lazy\" class=\"size-thumbnail wp-image-302 alignleft\" src=\"http:\/\/www.popartbb.com\/wp-content\/uploads\/2016\/05\/maccheroni-150x150.jpg\" alt=\"maccheroni\" width=\"150\" height=\"150\" srcset=\"https:\/\/www.popartbb.com\/wp-content\/uploads\/2016\/05\/maccheroni-150x150.jpg 150w, https:\/\/www.popartbb.com\/wp-content\/uploads\/2016\/05\/maccheroni-60x60.jpg 60w, https:\/\/www.popartbb.com\/wp-content\/uploads\/2016\/05\/maccheroni-380x380.jpg 380w\" sizes=\"(max-width: 150px) 100vw, 150px\" \/>Situato vicino al Pantheon \u00e9 uno dei migliori ristoranti di cucina tipica romana. Maccheroni \u00e9 il nome di uno dei tipi pi\u00fa famosi di pasta; il ristorante, ha mantenuto ed enfatizzato i dettagli della sua struttura rustica con un ambiente accogliente e confortevole. Il menu del ristorante offre cucina romana tradizionale e specialit\u00e1 regionali Italiane.<br \/>\n<a href=\"http:\/\/www.ristorantemaccheroni.com\" target=\"_blank\">www.ristorantemaccheroni.com<\/a><\/p>\n<p>&nbsp;<\/p>\n<h3 style=\"text-align: left;\">Enosteria<\/h3>\n<p><img loading=\"lazy\" class=\"size-thumbnail wp-image-307 alignleft\" src=\"http:\/\/www.popartbb.com\/wp-content\/uploads\/2016\/05\/enosteria-150x150.jpg\" alt=\"enosteria\" width=\"150\" height=\"150\" srcset=\"https:\/\/www.popartbb.com\/wp-content\/uploads\/2016\/05\/enosteria-150x150.jpg 150w, https:\/\/www.popartbb.com\/wp-content\/uploads\/2016\/05\/enosteria-300x300.jpg 300w, https:\/\/www.popartbb.com\/wp-content\/uploads\/2016\/05\/enosteria-170x170.jpg 170w, https:\/\/www.popartbb.com\/wp-content\/uploads\/2016\/05\/enosteria-255x255.jpg 255w, https:\/\/www.popartbb.com\/wp-content\/uploads\/2016\/05\/enosteria-80x80.jpg 80w, https:\/\/www.popartbb.com\/wp-content\/uploads\/2016\/05\/enosteria-40x40.jpg 40w, https:\/\/www.popartbb.com\/wp-content\/uploads\/2016\/05\/enosteria-60x60.jpg 60w, https:\/\/www.popartbb.com\/wp-content\/uploads\/2016\/05\/enosteria-480x480.jpg 480w, https:\/\/www.popartbb.com\/wp-content\/uploads\/2016\/05\/enosteria-500x500.jpg 500w, https:\/\/www.popartbb.com\/wp-content\/uploads\/2016\/05\/enosteria-360x360.jpg 360w, https:\/\/www.popartbb.com\/wp-content\/uploads\/2016\/05\/enosteria-380x380.jpg 380w, https:\/\/www.popartbb.com\/wp-content\/uploads\/2016\/05\/enosteria.jpg 720w\" sizes=\"(max-width: 150px) 100vw, 150px\" \/>Situato vicino a Piazza di Spagna, questo nuovo ristorante a gestione familiare fonde tradizione e innovazione. Enosteria dedica il suo tempo alla riscoperta dei sapori \u201ccasalinghi\u201d interpretati in una nuova e ricercata forma. \u00c9 il sesto senso della famiglia che crea questo mix di innovazione e tradizione, per raggiungere un concetto di cucina contemporanea.<br \/>\n<a href=\"http:\/\/www.enosteria.it\/\" target=\"_blank\">www.enosteria.it<\/a><\/p>\n<p>&nbsp;<\/p>\n<h3 style=\"text-align: left;\">La Cuccagna<\/h3>\n<p><img loading=\"lazy\" class=\"size-thumbnail wp-image-310 alignleft\" src=\"http:\/\/www.popartbb.com\/wp-content\/uploads\/2016\/05\/lacuccagna-150x150.jpg\" alt=\"lacuccagna\" width=\"150\" height=\"150\" srcset=\"https:\/\/www.popartbb.com\/wp-content\/uploads\/2016\/05\/lacuccagna-150x150.jpg 150w, https:\/\/www.popartbb.com\/wp-content\/uploads\/2016\/05\/lacuccagna-60x60.jpg 60w, https:\/\/www.popartbb.com\/wp-content\/uploads\/2016\/05\/lacuccagna-380x380.jpg 380w\" sizes=\"(max-width: 150px) 100vw, 150px\" \/>Pub storico nel cuore del centro di Roma. Questo vecchio Pub situato tra Campo de Fiori e Piazza Navona offre l\u2019opportunit\u00e1 di assaporare ottimi drink e birre a prezzi davvero contenuti. C\u2019\u00e9 buona musica e molte persone dentro e fuori, punto di riferimento per l\u2019after dinner romano.<\/p>\n<p>&nbsp;<\/p>\n<p>&nbsp;<\/p>\n<p>&nbsp;<\/p>\n<h3 style=\"text-align: left;\">Shari Vari<\/h3>\n<p><img loading=\"lazy\" class=\"size-thumbnail wp-image-313 alignleft\" src=\"http:\/\/www.popartbb.com\/wp-content\/uploads\/2016\/05\/shavivari-150x150.jpg\" alt=\"shavivari\" width=\"150\" height=\"150\" srcset=\"https:\/\/www.popartbb.com\/wp-content\/uploads\/2016\/05\/shavivari-150x150.jpg 150w, https:\/\/www.popartbb.com\/wp-content\/uploads\/2016\/05\/shavivari-60x60.jpg 60w, https:\/\/www.popartbb.com\/wp-content\/uploads\/2016\/05\/shavivari-380x380.jpg 380w\" sizes=\"(max-width: 150px) 100vw, 150px\" \/>Tutto ci\u00f3 di cui hai bisogno per una serata perfetta a Roma. Situato nel centro storico di Roma, questo club \u00e9 molto pi\u00fa di un posto standard dove bere e ballare. Shari Vari \u00e9 un ristorante di lusso, un ottimo cocktail bar e un club dove ascoltare musica fino a tarda notte. <a target=\"_blank\">www.sharivari.it<\/a><\/p>\n<p>&nbsp;<\/p>\n<p>&nbsp;<\/p>\n<p>&nbsp;<\/p>\n<h2 style=\"text-align: center;\">Monuments<\/h2>\n<h3 style=\"text-align: left;\">Colosseo<\/h3>\n<p><img loading=\"lazy\" class=\"size-thumbnail wp-image-316 alignleft\" src=\"http:\/\/www.popartbb.com\/wp-content\/uploads\/2016\/05\/the-colosseum_big-150x150.jpg\" alt=\"the-colosseum_big\" width=\"150\" height=\"150\" srcset=\"https:\/\/www.popartbb.com\/wp-content\/uploads\/2016\/05\/the-colosseum_big-150x150.jpg 150w, https:\/\/www.popartbb.com\/wp-content\/uploads\/2016\/05\/the-colosseum_big-60x60.jpg 60w, https:\/\/www.popartbb.com\/wp-content\/uploads\/2016\/05\/the-colosseum_big-380x380.jpg 380w\" sizes=\"(max-width: 150px) 100vw, 150px\" \/>Il Colosseo, originariamente conosciuto come Amphitheatrum Flavium (anfiteatro Flavio) o semplicemente come Amphitheatrum, \u00e8 il pi\u00f9 grande anfiteatro del mondo. \u00c8 situato nel centro della citt\u00e0 di Roma. In grado di contenere un numero di spettatori stimato tra 50.000 e 80.000 unit\u00e0, \u00e8 il pi\u00f9 importante anfiteatro romano, nonch\u00e9 il pi\u00f9 imponente monumento della Roma antica che sia giunto fino a noi. \u00c8 conosciuto in tutto il mondo come simbolo della citt\u00e0 di Roma e dell&#8217;Italia.<\/p>\n<p>&nbsp;<\/p>\n<p>&nbsp;<\/p>\n<h3 style=\"text-align: left;\">Pantheon<\/h3>\n<p><img loading=\"lazy\" class=\"size-thumbnail wp-image-319 alignleft\" src=\"http:\/\/www.popartbb.com\/wp-content\/uploads\/2016\/05\/gohistoric_16021_m-150x150.jpg\" alt=\"gohistoric_16021_m\" width=\"150\" height=\"150\" \/>Il Pantheon \u00e8 un edificio di Roma antica, costruito come tempio dedicato a tutte le divinit\u00e0 passate, presenti e future. Gli abitanti di Roma lo chiamano amichevolmente la Rotonna, o Ritonna (&#8220;la Rotonda&#8221;), da cui anche il nome della piazza antistante. Fu fatto ricostruire dall&#8217;imperatore Adriano tra il 118 e il 128 d.C., dopo che gli incendi del 80 e del 110 d.C. avevano danneggiato la costruzione precedente di et\u00e0 augustea.<\/p>\n<p><a href=\"http:\/\/it.wikipedia.org\/wiki\/Pantheon_(Roma)\" target=\"_blank\">http:\/\/it.wikipedia.org\/wiki\/Pantheon_(Roma)<\/a><\/p>\n<p>&nbsp;<\/p>\n<h3 style=\"text-align: left;\">Fontana di Trevi<\/h3>\n<p><strong><img loading=\"lazy\" class=\"size-thumbnail wp-image-333 alignleft\" src=\"http:\/\/www.popartbb.com\/wp-content\/uploads\/2016\/04\/Trevi-Fountain-1-150x150.jpg\" alt=\"Trevi-Fountain-1\" width=\"150\" height=\"150\" srcset=\"https:\/\/www.popartbb.com\/wp-content\/uploads\/2016\/04\/Trevi-Fountain-1-150x150.jpg 150w, https:\/\/www.popartbb.com\/wp-content\/uploads\/2016\/04\/Trevi-Fountain-1-60x60.jpg 60w, https:\/\/www.popartbb.com\/wp-content\/uploads\/2016\/04\/Trevi-Fountain-1-380x380.jpg 380w\" sizes=\"(max-width: 150px) 100vw, 150px\" \/>La Fontana di Trevi \u00e8 la pi\u00f9 grande ed una fra le pi\u00f9 note fontane di Roma; \u00e8 considerata una delle pi\u00f9 celebri fontane del mondo.<\/strong><\/p>\n<p>La fontana, progettata da Nicola Salvi e adagiata su un lato di Palazzo Poli, \u00e8 stata inaugurata nel 1735 e appartiene al tardo barocco.<\/p>\n<p>La storia della fontana \u00e8 strettamente collegata a quella della costruzione dell&#8217;acquedotto Vergine, che risale ai tempi dell&#8217;imperatore Augusto, quando Marco Vipsanio Agrippa fece arrivare l&#8217;acqua corrente fino al Pantheon ed alle sue terme.<\/p>\n<p><a href=\"http:\/\/it.wikipedia.org\/wiki\/Fontana_di_trevi\" target=\"_blank\">http:\/\/it.wikipedia.org\/wiki\/Fontana_di_trevi<\/a><\/p>\n<p>&nbsp;<\/p>\n<h3 style=\"text-align: left;\">Piazza Navona<\/h3>\n<p><strong><img loading=\"lazy\" class=\"size-thumbnail wp-image-335 alignleft\" src=\"http:\/\/www.popartbb.com\/wp-content\/uploads\/2016\/04\/navona01-150x150.jpg\" alt=\"navona01\" width=\"150\" height=\"150\" srcset=\"https:\/\/www.popartbb.com\/wp-content\/uploads\/2016\/04\/navona01-150x150.jpg 150w, https:\/\/www.popartbb.com\/wp-content\/uploads\/2016\/04\/navona01-60x60.jpg 60w, https:\/\/www.popartbb.com\/wp-content\/uploads\/2016\/04\/navona01-380x380.jpg 380w\" sizes=\"(max-width: 150px) 100vw, 150px\" \/>Piazza Navona <\/strong>\u00e8 una delle pi\u00f9 celebri piazze di Roma, fatta costruire dalla famiglia Pamphili. La sua forma \u00e8 quella di un antico stadio: venne costruita in stile monumentale per volere di papa Innocenzo X (Giovanni Battista Pamphilj).<\/p>\n<p><a href=\"https:\/\/it.wikipedia.org\/wiki\/Piazza_Navona\" target=\"_blank\">https:\/\/it.wikipedia.org\/wiki\/Piazza_Navona<\/a><\/p>\n<p>&nbsp;<\/p>\n<h3 style=\"text-align: left;\">Basilica di San Pietro<\/h3>\n<p><img loading=\"lazy\" class=\"size-thumbnail wp-image-336 alignleft\" src=\"http:\/\/www.popartbb.com\/wp-content\/uploads\/2016\/04\/stpeterbasilica2.0-150x150.jpg\" alt=\"stpeterbasilica2.0\" width=\"150\" height=\"150\" srcset=\"https:\/\/www.popartbb.com\/wp-content\/uploads\/2016\/04\/stpeterbasilica2.0-150x150.jpg 150w, https:\/\/www.popartbb.com\/wp-content\/uploads\/2016\/04\/stpeterbasilica2.0-60x60.jpg 60w\" sizes=\"(max-width: 150px) 100vw, 150px\" \/>La basilica di San Pietro in Vaticano \u00e8 una basilica cattolica della Citt\u00e0 del Vaticano, cui fa da coronamento la monumentale piazza San Pietro.<\/p>\n<p>\u00c8 la pi\u00f9 grande delle quattro basiliche papali di Roma, spesso descritta come la pi\u00f9 grande chiesa del mondo e centro del cattolicesimo. Non \u00e8 tuttavia la chiesa cattedrale della diocesi romana poich\u00e9 tale titolo spetta alla basilica di San Giovanni in Laterano che \u00e8 anche la prima per dignit\u00e0 essendo Madre e Capo di tutte le Chiese dell&#8217;Urbe e del Mondo.<\/p>\n<p><a href=\"http:\/\/it.wikipedia.org\/wiki\/Basilica_di_San_Pietro_in_Vaticano\" target=\"_blank\">http:\/\/it.wikipedia.org\/wiki\/Basilica_di_San_Pietro_in_Vaticano<\/a><\/p>\n","protected":false},"excerpt":{"rendered":"<p>Food &amp; Drinks Er Faciolaro Situato a fianco della porta del POP Art B&amp;B \u00e9 uno storico ristorante di Roma. Il ristorante era inizialmente un forno, che serviva ai suoi operai per pranzo della zuppa di fagioli. La zuppa era talmente buona che in poco tempo i clienti del forno iniziarono a chiedere la zuppa [&hellip;]<\/p>\n","protected":false},"author":9192196,"featured_media":0,"parent":0,"menu_order":0,"comment_status":"closed","ping_status":"closed","template":"","meta":[],"_links":{"self":[{"href":"https:\/\/www.popartbb.com\/it\/wp-json\/wp\/v2\/pages\/378"}],"collection":[{"href":"https:\/\/www.popartbb.com\/it\/wp-json\/wp\/v2\/pages"}],"about":[{"href":"https:\/\/www.popartbb.com\/it\/wp-json\/wp\/v2\/types\/page"}],"author":[{"embeddable":true,"href":"https:\/\/www.popartbb.com\/it\/wp-json\/wp\/v2\/users\/9192196"}],"replies":[{"embeddable":true,"href":"https:\/\/www.popartbb.com\/it\/wp-json\/wp\/v2\/comments?post=378"}],"version-history":[{"count":7,"href":"https:\/\/www.popartbb.com\/it\/wp-json\/wp\/v2\/pages\/378\/revisions"}],"predecessor-version":[{"id":552,"href":"https:\/\/www.popartbb.com\/it\/wp-json\/wp\/v2\/pages\/378\/revisions\/552"}],"wp:attachment":[{"href":"https:\/\/www.popartbb.com\/it\/wp-json\/wp\/v2\/media?parent=378"}],"curies":[{"name":"wp","href":"https:\/\/api.w.org\/{rel}","templated":true}]}}