{"id":377,"date":"2016-06-20T11:24:46","date_gmt":"2016-06-20T11:24:46","guid":{"rendered":"https:\/\/www.popartbb.com\/?page_id=377&#038;lang=it"},"modified":"2016-06-20T14:09:45","modified_gmt":"2016-06-20T14:09:45","slug":"rooms","status":"publish","type":"page","link":"https:\/\/www.popartbb.com\/it\/rooms\/","title":{"rendered":"Le Stanze"},"content":{"rendered":"<div class=\"col-md-7\">\n<a name=\"andy\"><\/a><\/p>\n<h3 style=\"border-bottom: solid 1px #aaaaaa;\">Andy<\/h3>\n<p style=\"text-align: justify; font-size: 13px; line-height: 18px;\">La camera \u00e8 ispirata al pi\u00f9 famoso artista della Pop Art <strong>Andy Warhol<\/strong>. Le sue opere esplorano la stretta relazione tra l&#8217;espressione artistica, la cultura del jet-set e le pubblicit\u00e0 che impazzavano negli anni &#8217;60.<\/p>\n<p style=\"text-align: justify; font-size: 13px; line-height: 18px;\">La stanza \u00e8 bianca e rossa, sulla parete rossa al di sopra del letto \u00e8 presente una delle opera pi\u00f9 importanti di Warhol: Campbell&#8217;s Soup Cans. Sulla parete di fronte \u00e8 presente una breve descrizione dell&#8217;opera e della biografia dell&#8217;artista.<\/p>\n<p style=\"text-align: justify; font-size: 13px; line-height: 18px;\">L&#8217;arredamento \u00e8 in noce scuro bianco e rosso. La camera Andy affaccia sulla via principale ed ha I vetri delle finestre spessi per riparare la stanza dagli eventuali rumori esterni.<\/p>\n<p>Il bagno privato \u00e8 bianco e blu con una comoda cabina doccia ed un asciugacapelli.<\/p>\n<hr \/>\n<p>Arredata in stile Pop art, questa camera colorata e insonorizzata dispone di internet Wi-Fi gratuito, aria condizionata e TV satellitare LCD. Il moderno bagno interno \u00e8 provvisto di set di cortesia e asciugacapelli. <\/p>\n<p><b>Accesso gratuito a Film e Serie TV Netflix<\/b> <img src=\"http:\/\/popartbb.com\/wp-content\/uploads\/2016\/04\/Netflix_Logo.jpg\" alt=\"Netflix_Logo\" width=\"150\" class=\"alignnone size-thumbnail wp-image-201\" srcset=\"https:\/\/www.popartbb.com\/wp-content\/uploads\/2016\/04\/Netflix_Logo.jpg 1417w, https:\/\/www.popartbb.com\/wp-content\/uploads\/2016\/04\/Netflix_Logo-300x140.jpg 300w, https:\/\/www.popartbb.com\/wp-content\/uploads\/2016\/04\/Netflix_Logo-768x358.jpg 768w, https:\/\/www.popartbb.com\/wp-content\/uploads\/2016\/04\/Netflix_Logo-1024x478.jpg 1024w, https:\/\/www.popartbb.com\/wp-content\/uploads\/2016\/04\/Netflix_Logo-364x170.jpg 364w, https:\/\/www.popartbb.com\/wp-content\/uploads\/2016\/04\/Netflix_Logo-1140x532.jpg 1140w, https:\/\/www.popartbb.com\/wp-content\/uploads\/2016\/04\/Netflix_Logo-255x119.jpg 255w, https:\/\/www.popartbb.com\/wp-content\/uploads\/2016\/04\/Netflix_Logo-171x80.jpg 171w, https:\/\/www.popartbb.com\/wp-content\/uploads\/2016\/04\/Netflix_Logo-86x40.jpg 86w, https:\/\/www.popartbb.com\/wp-content\/uploads\/2016\/04\/Netflix_Logo-480x224.jpg 480w, https:\/\/www.popartbb.com\/wp-content\/uploads\/2016\/04\/Netflix_Logo-500x233.jpg 500w, https:\/\/www.popartbb.com\/wp-content\/uploads\/2016\/04\/Netflix_Logo-750x350.jpg 750w, https:\/\/www.popartbb.com\/wp-content\/uploads\/2016\/04\/Netflix_Logo-360x168.jpg 360w\" sizes=\"(max-width: 1417px) 100vw, 1417px\" \/><\/p>\n<h3 style=\"text-align: justify; font-size: 13px; line-height: 18px;\">DOTAZIONI<\/h3>\n<ul class=\"list-ok\" style=\"width: 100%;\">\n<li>Aria Condizionata<\/li>\n<li>Scrivania<\/li>\n<li>Riscaldamento<\/li>\n<li>Insonorizzazione<\/li>\n<li>Parquet o pavimento in legno<\/li>\n<li>Doccia<\/li>\n<li>Asciuga capelli<\/li>\n<li>Prodotti da bagno in omaggio<\/li>\n<li>Servizi igienici<\/li>\n<li>Bagno privato<\/li>\n<li>Canali satellitari<\/li>\n<li>TV a schermo piatto<\/li>\n<li>Minibar<\/li>\n<li>Bollitore elettrico<\/li>\n<li>Armadio \/ Guardaroba<\/li>\n<\/ul>\n<\/div>\n<div class=\"col-md-5\">\n<div class=\"gallery gallery-377-1\"><div class=\"row gallery-row\"><div class=\"col-sm-6 col-lg-6\"><a title=\"\" href='https:\/\/www.popartbb.com\/wp-content\/uploads\/2016\/04\/andy1.jpg'><img width=\"555\" height=\"290\" src=\"https:\/\/www.popartbb.com\/wp-content\/uploads\/2016\/04\/andy1-555x290.jpg\" class=\"attachment-themo_featured size-themo_featured\" alt=\"\" loading=\"lazy\" \/><\/a><\/div><div class=\"col-sm-6 col-lg-6\"><a title=\"\" href='https:\/\/www.popartbb.com\/wp-content\/uploads\/2016\/04\/andy2.jpg'><img width=\"555\" height=\"290\" src=\"https:\/\/www.popartbb.com\/wp-content\/uploads\/2016\/04\/andy2-555x290.jpg\" class=\"attachment-themo_featured size-themo_featured\" alt=\"\" loading=\"lazy\" \/><\/a><\/div><\/div><div class=\"row gallery-row\"><div class=\"col-sm-6 col-lg-6\"><a title=\"\" href='https:\/\/www.popartbb.com\/wp-content\/uploads\/2016\/04\/andy3.jpg'><img width=\"555\" height=\"290\" src=\"https:\/\/www.popartbb.com\/wp-content\/uploads\/2016\/04\/andy3-555x290.jpg\" class=\"attachment-themo_featured size-themo_featured\" alt=\"\" loading=\"lazy\" \/><\/a><\/div><div class=\"col-sm-6 col-lg-6\"><a title=\"\" href='https:\/\/www.popartbb.com\/wp-content\/uploads\/2016\/04\/andy4.jpg'><img width=\"555\" height=\"290\" src=\"https:\/\/www.popartbb.com\/wp-content\/uploads\/2016\/04\/andy4-555x290.jpg\" class=\"attachment-themo_featured size-themo_featured\" alt=\"\" loading=\"lazy\" \/><\/a><\/div><\/div><\/div><br \/>\n<\/div>\n&nbsp;<br \/>\n&nbsp;<br \/>\n<div class=\"col-md-7\">\n<a name=\"jasper\"><\/a><\/p>\n<h3 style=\"border-bottom: solid 1px #aaaaaa;\">Jasper<\/h3>\n<p style=\"text-align: justify; font-size: 13px; line-height: 18px;\">Questa camera \u00e8 ispirata all&#8217;artista Pop Art <strong>Jasper Johns <\/strong>che si trova alle basi della Pop Art e del Minimalismo. Oggi, nonostante le sue opera siano vendute a cifre altissime alle aste artistiche la sua arte figurativa e il suo stile in continuo movimento sono ancora oggetto di discussioni e controversie.<\/p>\n<p style=\"text-align: justify; font-size: 13px; line-height: 18px;\">La stanza \u00e8 bianca e grigia, sulla parete grigio chiara al di sopra del letto \u00e8 presente una delle opere di Johns: Flag. Sulla parete di destra \u00e8 presente una breve descrizione dell&#8217;opera e della biografia dell&#8217;artista.<\/p>\n<p style=\"text-align: justify; font-size: 13px; line-height: 18px;\">L&#8217;arredamento \u00e8 in noce scuro bianco e antracite. La camera Jasper affaccia sulla via principale ed ha doppi vetri delle finestre spessi per riparare la stanza dagli eventuali rumori esterni. Il bagno privato \u00e8 bianco e rosso con una comoda cabina doccia ed un asciugacapelli.<\/p>\n<hr \/>\n<p style=\"text-align: justify; font-size: 13px; line-height: 18px;\"><strong>Arredata in stile Pop art, questa camera colorata e insonorizzata dispone di internet Wi-Fi gratuito, aria condizionata e TV satellitare LCD. Il moderno bagno interno \u00e8 provvisto di set di cortesia e asciugacapelli<\/strong><\/p>\n<p><b>Accesso gratuito a Film e Serie TV Netflix<\/b> <img src=\"http:\/\/popartbb.com\/wp-content\/uploads\/2016\/04\/Netflix_Logo.jpg\" alt=\"Netflix_Logo\" width=\"150\" class=\"alignnone size-thumbnail wp-image-201\" srcset=\"https:\/\/www.popartbb.com\/wp-content\/uploads\/2016\/04\/Netflix_Logo.jpg 1417w, https:\/\/www.popartbb.com\/wp-content\/uploads\/2016\/04\/Netflix_Logo-300x140.jpg 300w, https:\/\/www.popartbb.com\/wp-content\/uploads\/2016\/04\/Netflix_Logo-768x358.jpg 768w, https:\/\/www.popartbb.com\/wp-content\/uploads\/2016\/04\/Netflix_Logo-1024x478.jpg 1024w, https:\/\/www.popartbb.com\/wp-content\/uploads\/2016\/04\/Netflix_Logo-364x170.jpg 364w, https:\/\/www.popartbb.com\/wp-content\/uploads\/2016\/04\/Netflix_Logo-1140x532.jpg 1140w, https:\/\/www.popartbb.com\/wp-content\/uploads\/2016\/04\/Netflix_Logo-255x119.jpg 255w, https:\/\/www.popartbb.com\/wp-content\/uploads\/2016\/04\/Netflix_Logo-171x80.jpg 171w, https:\/\/www.popartbb.com\/wp-content\/uploads\/2016\/04\/Netflix_Logo-86x40.jpg 86w, https:\/\/www.popartbb.com\/wp-content\/uploads\/2016\/04\/Netflix_Logo-480x224.jpg 480w, https:\/\/www.popartbb.com\/wp-content\/uploads\/2016\/04\/Netflix_Logo-500x233.jpg 500w, https:\/\/www.popartbb.com\/wp-content\/uploads\/2016\/04\/Netflix_Logo-750x350.jpg 750w, https:\/\/www.popartbb.com\/wp-content\/uploads\/2016\/04\/Netflix_Logo-360x168.jpg 360w\" sizes=\"(max-width: 1417px) 100vw, 1417px\" \/><\/p>\n<h3 style=\"text-align: justify; font-size: 13px; line-height: 18px;\">DOTAZIONI<\/h3>\n<ul class=\"list-ok\" style=\"width: 100%;\">\n<li>Aria Condizionata<\/li>\n<li>Scrivania<\/li>\n<li>Riscaldamento<\/li>\n<li>Insonorizzazione<\/li>\n<li>Parquet o pavimento in legno<\/li>\n<li>Doccia<\/li>\n<li>Asciuga capelli<\/li>\n<li>Prodotti da bagno in omaggio<\/li>\n<li>Servizi igienici<\/li>\n<li>Bagno privato<\/li>\n<li>Canali satellitari<\/li>\n<li>TV a schermo piatto<\/li>\n<li>Minibar<\/li>\n<li>Bollitore elettrico<\/li>\n<li>Armadio \/ Guardaroba<\/li>\n<\/ul>\n<\/div>\n<div class=\"col-md-5\">\n<div class=\"gallery gallery-377-2\"><div class=\"row gallery-row\"><div class=\"col-sm-6 col-lg-6\"><a title=\"jasper1\" href='https:\/\/www.popartbb.com\/wp-content\/uploads\/2016\/04\/jasper1.jpg'><img width=\"555\" height=\"290\" src=\"https:\/\/www.popartbb.com\/wp-content\/uploads\/2016\/04\/jasper1-555x290.jpg\" class=\"attachment-themo_featured size-themo_featured\" alt=\"\" loading=\"lazy\" \/><\/a><div class=\"gallery-text\"><div class=\"image-title\">jasper1<\/div><\/div><\/div><div class=\"col-sm-6 col-lg-6\"><a title=\"\" href='https:\/\/www.popartbb.com\/wp-content\/uploads\/2016\/04\/jasper3.jpg'><img width=\"555\" height=\"290\" src=\"https:\/\/www.popartbb.com\/wp-content\/uploads\/2016\/04\/jasper3-555x290.jpg\" class=\"attachment-themo_featured size-themo_featured\" alt=\"\" loading=\"lazy\" \/><\/a><\/div><\/div><div class=\"row gallery-row\"><div class=\"col-sm-6 col-lg-6\"><a title=\"\" href='https:\/\/www.popartbb.com\/wp-content\/uploads\/2016\/04\/jasper2.jpg'><img width=\"555\" height=\"290\" src=\"https:\/\/www.popartbb.com\/wp-content\/uploads\/2016\/04\/jasper2-555x290.jpg\" class=\"attachment-themo_featured size-themo_featured\" alt=\"\" loading=\"lazy\" \/><\/a><\/div><div class=\"col-sm-6 col-lg-6\"><a title=\"\" href='https:\/\/www.popartbb.com\/wp-content\/uploads\/2016\/04\/jasper4.jpg'><img width=\"555\" height=\"290\" src=\"https:\/\/www.popartbb.com\/wp-content\/uploads\/2016\/04\/jasper4-555x290.jpg\" class=\"attachment-themo_featured size-themo_featured\" alt=\"\" loading=\"lazy\" \/><\/a><\/div><\/div><\/div><br \/>\n<\/div>\n&nbsp;<br \/>\n&nbsp;<br \/>\n<div class=\"col-md-7\">\n<a name=\"roy\"><\/a><\/p>\n<h3 style=\"border-bottom: solid 1px #aaaaaa;\">Roy<\/h3>\n<p style=\"text-align: justify; font-size: 13px; line-height: 18px;\">La stanza \u00e8 dedicate al famoso artista Pop Art <strong>Roy Lichtenstein<\/strong>, il quale \u00e8 stato una figura di spicco nel nuovo movimento artistico degli anni 50. Le sue opere sono le migliori testimoni della base di tutta la Pop Art. Lichtenstein ha lavorato prevalentemente alle strisce comiche vecchio stampo, producendo un vasto archivio di documenti e opera, la maggior parte con un senso sarcastico e dell&#8217;umorismo molto tagliente. Il suo stile \u00e8 stato grandemente influenzato dalle pubblicit\u00e0 e dalle strisce comiche dell&#8217;epoca.<\/p>\n<p style=\"text-align: justify; font-size: 13px; line-height: 18px;\">La stanza \u00e8 bianca e verde, sulla parete verde al di sopra del letto \u00e8 presente l&#8217;opera pi\u00f9 famosa di Lichtenstein: Whaam!. Sulla parete di destra \u00e8 presente una breve descrizione dell&#8217;opera e della biografia dell&#8217;artista.<\/p>\n<p style=\"text-align: justify; font-size: 13px; line-height: 18px;\">L&#8217;arredamento \u00e8 in noce scuro bianco e verde. La camera Roy affaccia su un tranquillo cortile interno ed ha i vetri delle finestre spessi per riparare la stanza dagli eventuali rumori esterni.<\/p>\n<p>Il bagno privato \u00e8 bianco e rosso con una comoda cabina doccia ed un asciugacapelli.<\/p>\n<hr \/>\n<p style=\"text-align: justify; font-size: 13px; line-height: 18px;\"><strong>Arredata in stile Pop art, questa camera colorata e insonorizzata dispone di internet Wi-Fi gratuito, aria condizionata e TV satellitare LCD. Il moderno bagno interno \u00e8 provvisto di set di cortesia e asciugacapelli<\/strong><\/p>\n<p><b>Accesso gratuito a Film e Serie TV Netflix<\/b> <img src=\"http:\/\/popartbb.com\/wp-content\/uploads\/2016\/04\/Netflix_Logo.jpg\" alt=\"Netflix_Logo\" width=\"150\" class=\"alignnone size-thumbnail wp-image-201\" srcset=\"https:\/\/www.popartbb.com\/wp-content\/uploads\/2016\/04\/Netflix_Logo.jpg 1417w, https:\/\/www.popartbb.com\/wp-content\/uploads\/2016\/04\/Netflix_Logo-300x140.jpg 300w, https:\/\/www.popartbb.com\/wp-content\/uploads\/2016\/04\/Netflix_Logo-768x358.jpg 768w, https:\/\/www.popartbb.com\/wp-content\/uploads\/2016\/04\/Netflix_Logo-1024x478.jpg 1024w, https:\/\/www.popartbb.com\/wp-content\/uploads\/2016\/04\/Netflix_Logo-364x170.jpg 364w, https:\/\/www.popartbb.com\/wp-content\/uploads\/2016\/04\/Netflix_Logo-1140x532.jpg 1140w, https:\/\/www.popartbb.com\/wp-content\/uploads\/2016\/04\/Netflix_Logo-255x119.jpg 255w, https:\/\/www.popartbb.com\/wp-content\/uploads\/2016\/04\/Netflix_Logo-171x80.jpg 171w, https:\/\/www.popartbb.com\/wp-content\/uploads\/2016\/04\/Netflix_Logo-86x40.jpg 86w, https:\/\/www.popartbb.com\/wp-content\/uploads\/2016\/04\/Netflix_Logo-480x224.jpg 480w, https:\/\/www.popartbb.com\/wp-content\/uploads\/2016\/04\/Netflix_Logo-500x233.jpg 500w, https:\/\/www.popartbb.com\/wp-content\/uploads\/2016\/04\/Netflix_Logo-750x350.jpg 750w, https:\/\/www.popartbb.com\/wp-content\/uploads\/2016\/04\/Netflix_Logo-360x168.jpg 360w\" sizes=\"(max-width: 1417px) 100vw, 1417px\" \/><\/p>\n<h3 style=\"text-align: justify; font-size: 13px; line-height: 18px;\">DOTAZIONI<\/h3>\n<ul class=\"list-ok\" style=\"width: 100%;\">\n<li>Aria Condizionata<\/li>\n<li>Scrivania<\/li>\n<li>Riscaldamento<\/li>\n<li>Insonorizzazione<\/li>\n<li>Parquet o pavimento in legno<\/li>\n<li>Doccia<\/li>\n<li>Asciuga capelli<\/li>\n<li>Prodotti da bagno in omaggio<\/li>\n<li>Servizi igienici<\/li>\n<li>Bagno privato<\/li>\n<li>Canali satellitari<\/li>\n<li>TV a schermo piatto<\/li>\n<li>Minibar<\/li>\n<li>Bollitore elettrico<\/li>\n<li>Armadio \/ Guardaroba<\/li>\n<\/ul>\n<\/div>\n<div class=\"col-md-5\">\n<div class=\"gallery gallery-377-3\"><div class=\"row gallery-row\"><div class=\"col-sm-6 col-lg-6\"><a title=\"\" href='https:\/\/www.popartbb.com\/wp-content\/uploads\/2016\/04\/roy1.jpg'><img width=\"555\" height=\"290\" src=\"https:\/\/www.popartbb.com\/wp-content\/uploads\/2016\/04\/roy1-555x290.jpg\" class=\"attachment-themo_featured size-themo_featured\" alt=\"\" loading=\"lazy\" \/><\/a><\/div><div class=\"col-sm-6 col-lg-6\"><a title=\"\" href='https:\/\/www.popartbb.com\/wp-content\/uploads\/2016\/04\/roy3.jpg'><img width=\"555\" height=\"290\" src=\"https:\/\/www.popartbb.com\/wp-content\/uploads\/2016\/04\/roy3-555x290.jpg\" class=\"attachment-themo_featured size-themo_featured\" alt=\"\" loading=\"lazy\" \/><\/a><\/div><\/div><div class=\"row gallery-row\"><div class=\"col-sm-6 col-lg-6\"><a title=\"\" href='https:\/\/www.popartbb.com\/wp-content\/uploads\/2016\/04\/roy2.jpg'><img width=\"555\" height=\"290\" src=\"https:\/\/www.popartbb.com\/wp-content\/uploads\/2016\/04\/roy2-555x290.jpg\" class=\"attachment-themo_featured size-themo_featured\" alt=\"\" loading=\"lazy\" \/><\/a><\/div><div class=\"col-sm-6 col-lg-6\"><a title=\"\" href='https:\/\/www.popartbb.com\/wp-content\/uploads\/2016\/04\/roy4.jpg'><img width=\"555\" height=\"290\" src=\"https:\/\/www.popartbb.com\/wp-content\/uploads\/2016\/04\/roy4-555x290.jpg\" class=\"attachment-themo_featured size-themo_featured\" alt=\"\" loading=\"lazy\" \/><\/a><\/div><\/div><\/div><br \/>\n<\/div>\n&nbsp;<br \/>\n&nbsp;<br \/>\n<div class=\"col-md-7\">\n<a name=\"keith\"><\/a><\/p>\n<h3 style=\"border-bottom: solid 1px #aaaaaa;\">Keith<\/h3>\n<p style=\"text-align: justify; font-size: 13px; line-height: 18px;\">Questa stanza \u00e8 ispirata al famoso artista della Pop Art <strong>Keith Haring<\/strong>, che \u00e8 stato anche un attivista sociale. I suoi lavori appartengono alla cultura di strada della New York anni \u201880 ed esprimono il concetto di nascita, morte, sesso e guerra. L&#8217;arte figurativa di Haring \u00e8 ampiamente riconosciuta come linguaggio visuale del ventesimo secolo.<\/p>\n<p style=\"text-align: justify; font-size: 13px; line-height: 18px;\">La stanza \u00e8 bianca e rossa, sulla parete rossa al di sopra del letto \u00e8 presente un&#8217;opera di Haring: Untitled. Sulla parete di fronte \u00e8 presente una breve descrizione dell&#8217;opera e della biografia dell&#8217;artista.<\/p>\n<p style=\"text-align: justify; font-size: 13px; line-height: 18px;\">L&#8217;arredamento \u00e8 in noce scuro bianco e rosso. La camera Keith affaccia su un tranquillo cortile interno ed ha i vetri delle finestre spessi per riparare la stanza dagli eventuali rumori esterni.<\/p>\n<p>Il bagno privato \u00e8 bianco e blu con una comoda cabina doccia ed un asciugacapelli.<\/p>\n<hr \/>\n<p style=\"text-align: justify; font-size: 13px; line-height: 18px;\"><strong>Arredata in stile Pop art, questa camera colorata e insonorizzata dispone di internet Wi-Fi gratuito, aria condizionata e TV satellitare LCD. Il moderno bagno interno \u00e8 provvisto di set di cortesia e asciugacapelli<\/strong><\/p>\n<p><b>Accesso gratuito a Film e Serie TV Netflix<\/b> <img src=\"http:\/\/popartbb.com\/wp-content\/uploads\/2016\/04\/Netflix_Logo.jpg\" alt=\"Netflix_Logo\" width=\"150\" class=\"alignnone size-thumbnail wp-image-201\" srcset=\"https:\/\/www.popartbb.com\/wp-content\/uploads\/2016\/04\/Netflix_Logo.jpg 1417w, https:\/\/www.popartbb.com\/wp-content\/uploads\/2016\/04\/Netflix_Logo-300x140.jpg 300w, https:\/\/www.popartbb.com\/wp-content\/uploads\/2016\/04\/Netflix_Logo-768x358.jpg 768w, https:\/\/www.popartbb.com\/wp-content\/uploads\/2016\/04\/Netflix_Logo-1024x478.jpg 1024w, https:\/\/www.popartbb.com\/wp-content\/uploads\/2016\/04\/Netflix_Logo-364x170.jpg 364w, https:\/\/www.popartbb.com\/wp-content\/uploads\/2016\/04\/Netflix_Logo-1140x532.jpg 1140w, https:\/\/www.popartbb.com\/wp-content\/uploads\/2016\/04\/Netflix_Logo-255x119.jpg 255w, https:\/\/www.popartbb.com\/wp-content\/uploads\/2016\/04\/Netflix_Logo-171x80.jpg 171w, https:\/\/www.popartbb.com\/wp-content\/uploads\/2016\/04\/Netflix_Logo-86x40.jpg 86w, https:\/\/www.popartbb.com\/wp-content\/uploads\/2016\/04\/Netflix_Logo-480x224.jpg 480w, https:\/\/www.popartbb.com\/wp-content\/uploads\/2016\/04\/Netflix_Logo-500x233.jpg 500w, https:\/\/www.popartbb.com\/wp-content\/uploads\/2016\/04\/Netflix_Logo-750x350.jpg 750w, https:\/\/www.popartbb.com\/wp-content\/uploads\/2016\/04\/Netflix_Logo-360x168.jpg 360w\" sizes=\"(max-width: 1417px) 100vw, 1417px\" \/><\/p>\n<h3 style=\"text-align: justify; font-size: 13px; line-height: 18px;\">DOTAZIONI<\/h3>\n<ul class=\"list-ok\" style=\"width: 100%;\">\n<li>Aria Condizionata<\/li>\n<li>Scrivania<\/li>\n<li>Riscaldamento<\/li>\n<li>Insonorizzazione<\/li>\n<li>Parquet o pavimento in legno<\/li>\n<li>Doccia<\/li>\n<li>Asciuga capelli<\/li>\n<li>Prodotti da bagno in omaggio<\/li>\n<li>Servizi igienici<\/li>\n<li>Bagno privato<\/li>\n<li>Canali satellitari<\/li>\n<li>TV a schermo piatto<\/li>\n<li>Minibar<\/li>\n<li>Bollitore elettrico<\/li>\n<li>Armadio \/ Guardaroba<\/li>\n<\/ul>\n<\/div>\n<div class=\"col-md-5\">\n<div class=\"gallery gallery-377-4\"><div class=\"row gallery-row\"><div class=\"col-sm-6 col-lg-6\"><a title=\"keith\" href='https:\/\/www.popartbb.com\/wp-content\/uploads\/2016\/04\/keith-1.jpg'><img width=\"555\" height=\"290\" src=\"https:\/\/www.popartbb.com\/wp-content\/uploads\/2016\/04\/keith-1-555x290.jpg\" class=\"attachment-themo_featured size-themo_featured\" alt=\"\" loading=\"lazy\" \/><\/a><div class=\"gallery-text\"><div class=\"image-title\">keith<\/div><\/div><\/div><div class=\"col-sm-6 col-lg-6\"><a title=\"keith3\" href='https:\/\/www.popartbb.com\/wp-content\/uploads\/2016\/04\/keith3.jpg'><img width=\"555\" height=\"290\" src=\"https:\/\/www.popartbb.com\/wp-content\/uploads\/2016\/04\/keith3-555x290.jpg\" class=\"attachment-themo_featured size-themo_featured\" alt=\"\" loading=\"lazy\" \/><\/a><div class=\"gallery-text\"><div class=\"image-title\">keith3<\/div><\/div><\/div><\/div><div class=\"row gallery-row\"><div class=\"col-sm-6 col-lg-6\"><a title=\"keith2\" href='https:\/\/www.popartbb.com\/wp-content\/uploads\/2016\/04\/keith2.jpg'><img width=\"555\" height=\"290\" src=\"https:\/\/www.popartbb.com\/wp-content\/uploads\/2016\/04\/keith2-555x290.jpg\" class=\"attachment-themo_featured size-themo_featured\" alt=\"\" loading=\"lazy\" \/><\/a><div class=\"gallery-text\"><div class=\"image-title\">keith2<\/div><\/div><\/div><div class=\"col-sm-6 col-lg-6\"><a title=\"keith4\" href='https:\/\/www.popartbb.com\/wp-content\/uploads\/2016\/04\/keith4.jpg'><img width=\"555\" height=\"290\" src=\"https:\/\/www.popartbb.com\/wp-content\/uploads\/2016\/04\/keith4-555x290.jpg\" class=\"attachment-themo_featured size-themo_featured\" alt=\"\" loading=\"lazy\" \/><\/a><div class=\"gallery-text\"><div class=\"image-title\">keith4<\/div><\/div><\/div><\/div><\/div><br \/>\n<\/div>\n","protected":false},"excerpt":{"rendered":"<p>&nbsp; &nbsp; &nbsp; &nbsp; &nbsp; &nbsp;<\/p>\n","protected":false},"author":9192196,"featured_media":0,"parent":0,"menu_order":0,"comment_status":"closed","ping_status":"closed","template":"","meta":[],"_links":{"self":[{"href":"https:\/\/www.popartbb.com\/it\/wp-json\/wp\/v2\/pages\/377"}],"collection":[{"href":"https:\/\/www.popartbb.com\/it\/wp-json\/wp\/v2\/pages"}],"about":[{"href":"https:\/\/www.popartbb.com\/it\/wp-json\/wp\/v2\/types\/page"}],"author":[{"embeddable":true,"href":"https:\/\/www.popartbb.com\/it\/wp-json\/wp\/v2\/users\/9192196"}],"replies":[{"embeddable":true,"href":"https:\/\/www.popartbb.com\/it\/wp-json\/wp\/v2\/comments?post=377"}],"version-history":[{"count":10,"href":"https:\/\/www.popartbb.com\/it\/wp-json\/wp\/v2\/pages\/377\/revisions"}],"predecessor-version":[{"id":465,"href":"https:\/\/www.popartbb.com\/it\/wp-json\/wp\/v2\/pages\/377\/revisions\/465"}],"wp:attachment":[{"href":"https:\/\/www.popartbb.com\/it\/wp-json\/wp\/v2\/media?parent=377"}],"curies":[{"name":"wp","href":"https:\/\/api.w.org\/{rel}","templated":true}]}}