{"id":375,"date":"2016-06-20T11:24:32","date_gmt":"2016-06-20T11:24:32","guid":{"rendered":"https:\/\/www.popartbb.com\/?page_id=375&#038;lang=it"},"modified":"2016-06-20T11:54:42","modified_gmt":"2016-06-20T11:54:42","slug":"about-us","status":"publish","type":"page","link":"https:\/\/www.popartbb.com\/it\/about-us\/","title":{"rendered":"Chi Siamo"},"content":{"rendered":"<p style=\"text-align: justify;\">A meno di 100 metri dal Pantheon e a pochi passi da un gran numero di attrazioni, il POP Art B&#038;B offre eleganti camere climatizzate, la connessione gratuita a internet Wi-Fi in ogni angolo della struttura e un raffinato soggiorno comune.<\/p>\n<p style=\"text-align: justify;\">Arredate ciascuna in modo diverso in stile Pop art e con mobili di design, le colorate camere della struttura dispongono di aria condizionata, parquet, TV satellitare LCD e bollitore elettrico con caff\u00e8\/t\u00e8 gratuiti. Il moderno bagno interno \u00e8 anch&#8217;esso moderno.<\/p>\n<p style=\"text-align: justify;\">Potrete iniziale la giornata con una colazione all&#8217;italiana, poich\u00e9 il B&#038;B POP Art vi fornir\u00e0 un buono da utilizzare in una vicina caffetteria per gustare cornetti dolci e un caff\u00e8 espresso.<\/p>\n<p style=\"text-align: justify;\">La struttura sorge ad appena 1 km da Via del Corso, ricca di negozi di moda, e a 15 minuti a piedi da Piazza di Spagna e dall&#8217;omonima stazione della metropolitana.<\/p>\n","protected":false},"excerpt":{"rendered":"<p>A meno di 100 metri dal Pantheon e a pochi passi da un gran numero di attrazioni, il POP Art B&#038;B offre eleganti camere climatizzate, la connessione gratuita a internet Wi-Fi in ogni angolo della struttura e un raffinato soggiorno comune. Arredate ciascuna in modo diverso in stile Pop art e con mobili di design, [&hellip;]<\/p>\n","protected":false},"author":9192196,"featured_media":0,"parent":0,"menu_order":0,"comment_status":"closed","ping_status":"closed","template":"","meta":[],"_links":{"self":[{"href":"https:\/\/www.popartbb.com\/it\/wp-json\/wp\/v2\/pages\/375"}],"collection":[{"href":"https:\/\/www.popartbb.com\/it\/wp-json\/wp\/v2\/pages"}],"about":[{"href":"https:\/\/www.popartbb.com\/it\/wp-json\/wp\/v2\/types\/page"}],"author":[{"embeddable":true,"href":"https:\/\/www.popartbb.com\/it\/wp-json\/wp\/v2\/users\/9192196"}],"replies":[{"embeddable":true,"href":"https:\/\/www.popartbb.com\/it\/wp-json\/wp\/v2\/comments?post=375"}],"version-history":[{"count":2,"href":"https:\/\/www.popartbb.com\/it\/wp-json\/wp\/v2\/pages\/375\/revisions"}],"predecessor-version":[{"id":424,"href":"https:\/\/www.popartbb.com\/it\/wp-json\/wp\/v2\/pages\/375\/revisions\/424"}],"wp:attachment":[{"href":"https:\/\/www.popartbb.com\/it\/wp-json\/wp\/v2\/media?parent=375"}],"curies":[{"name":"wp","href":"https:\/\/api.w.org\/{rel}","templated":true}]}}